{"id":2143,"date":"2025-01-13T16:18:04","date_gmt":"2025-01-13T15:18:04","guid":{"rendered":"https:\/\/jakleen.fr\/?page_id=2143"},"modified":"2025-12-02T16:21:22","modified_gmt":"2025-12-02T15:21:22","slug":"comment-commander-mes-livres","status":"publish","type":"page","link":"https:\/\/jakleen.fr\/index.php\/comment-commander-mes-livres\/","title":{"rendered":"Comment commander mes livres?"},"content":{"rendered":"\n<p class=\"has-large-font-size\">Pour recevoir mes livres, il y a deux possibilit\u00e9s apr\u00e8s avoir cliqu\u00e9 sur le titre de l&rsquo;ouvrage pour d\u00e9couvrir sa couverture :<br><br>1. Si le montant n&rsquo;est pas affich\u00e9 il faudra cliquer sur le lien \u00ab\u00a0commander\u00a0\u00bb vous redirigeant sur Edilivre.<\/p>\n\n\n\n<p class=\"has-large-font-size\">2. Si le montant est affich\u00e9, il suffit d&rsquo;envoyer un ch\u00e8que du montant affich\u00e9 sur la page \u00e0 <strong>Jacqueline Bernet, 3 rue de Normandie, 71000 MACON<\/strong>. Ainsi que de sp\u00e9cifier le livre voulu.<br><\/p>\n\n\n\n<p><\/p>\n","protected":false},"excerpt":{"rendered":"<p>Pour recevoir mes livres, il y a deux possibilit\u00e9s apr\u00e8s avoir cliqu\u00e9 sur le titre de l&rsquo;ouvrage pour d\u00e9couvrir sa couverture : 1. Si le montant n&rsquo;est pas affich\u00e9 il faudra cliquer sur le lien \u00ab\u00a0commander\u00a0\u00bb vous redirigeant sur Edilivre. 2. Si le montant est affich\u00e9, il suffit d&rsquo;envoyer un ch\u00e8que du montant affich\u00e9 sur [&hellip;]<\/p>\n","protected":false},"author":1,"featured_media":0,"parent":0,"menu_order":0,"comment_status":"closed","ping_status":"closed","template":"index-2","meta":{"footnotes":""},"class_list":["post-2143","page","type-page","status-publish","hentry"],"_links":{"self":[{"href":"https:\/\/jakleen.fr\/index.php\/wp-json\/wp\/v2\/pages\/2143","targetHints":{"allow":["GET"]}}],"collection":[{"href":"https:\/\/jakleen.fr\/index.php\/wp-json\/wp\/v2\/pages"}],"about":[{"href":"https:\/\/jakleen.fr\/index.php\/wp-json\/wp\/v2\/types\/page"}],"author":[{"embeddable":true,"href":"https:\/\/jakleen.fr\/index.php\/wp-json\/wp\/v2\/users\/1"}],"replies":[{"embeddable":true,"href":"https:\/\/jakleen.fr\/index.php\/wp-json\/wp\/v2\/comments?post=2143"}],"version-history":[{"count":6,"href":"https:\/\/jakleen.fr\/index.php\/wp-json\/wp\/v2\/pages\/2143\/revisions"}],"predecessor-version":[{"id":2259,"href":"https:\/\/jakleen.fr\/index.php\/wp-json\/wp\/v2\/pages\/2143\/revisions\/2259"}],"wp:attachment":[{"href":"https:\/\/jakleen.fr\/index.php\/wp-json\/wp\/v2\/media?parent=2143"}],"curies":[{"name":"wp","href":"https:\/\/api.w.org\/{rel}","templated":true}]}}