{"id":2182,"date":"2025-01-13T16:45:36","date_gmt":"2025-01-13T15:45:36","guid":{"rendered":"https:\/\/jakleen.fr\/?page_id=2182"},"modified":"2025-12-02T16:24:21","modified_gmt":"2025-12-02T15:24:21","slug":"poemes","status":"publish","type":"page","link":"https:\/\/jakleen.fr\/index.php\/poemes\/","title":{"rendered":"Po\u00e9sies"},"content":{"rendered":"\n<p class=\"has-large-font-size\">Jacqueline Bernet a \u00e9crit plus de 200 po\u00e8mes, sur des th\u00e8mes qui lui tiennent \u00e0 c\u0153ur<br>et qui sont universels, comme l\u2019Amour, les Saisons, la Famille. Vous pouvez en savourer quelques-uns ici.<\/p>\n\n\n\n<div class=\"wp-block-query alignfull is-layout-flow wp-block-query-is-layout-flow\">\n<div class=\"wp-block-group alignfull is-layout-flow wp-block-group-is-layout-flow\" style=\"padding-top:0;padding-right:0;padding-bottom:0;padding-left:0\"><ul style=\"text-transform:none;\" class=\"wp-block-post-template is-layout-flow wp-block-post-template-is-layout-flow\"><li class=\"wp-block-post post-2198 post type-post status-publish format-standard hentry category-poeme\">\n\n<div class=\"wp-block-group is-layout-flow wp-block-group-is-layout-flow\" style=\"border-bottom-color:var(--wp--preset--color--contrast);border-bottom-width:1px\">\n<div class=\"wp-block-group is-content-justification-space-between is-nowrap is-layout-flex wp-container-core-group-is-layout-dd9de04e wp-block-group-is-layout-flex\" style=\"padding-top:16px;padding-right:16px;padding-bottom:16px;padding-left:16px\">\n<div class=\"wp-block-group is-nowrap is-layout-flex wp-container-core-group-is-layout-89a94f6a wp-block-group-is-layout-flex\">\n<p>\u2734\ufe0e<\/p>\n\n\n<div style=\"text-transform:uppercase; margin-top:0;margin-right:0;margin-bottom:0;margin-left:0;\" class=\"has-text-align-left has-link-color wp-elements-4003f76eccbf507a9e3d7e84a42ea154 wp-block-post-date has-text-color has-contrast-color has-small-font-size\"><time datetime=\"2025-01-13T16:55:39+01:00\">Jan 13, 2025<\/time><\/div><\/div>\n\n\n<div style=\"text-transform:uppercase\" class=\"taxonomy-category has-link-color wp-elements-d846021732facad792835971f80af878 wp-block-post-terms has-text-color has-contrast-color\"><span class=\"wp-block-post-terms__prefix\">\u2734\ufe0e <\/span><a href=\"https:\/\/jakleen.fr\/index.php\/category\/poeme\/\" rel=\"tag\">Poeme<\/a><\/div><\/div>\n<\/div>\n\n\n\n<div class=\"wp-block-group is-vertical is-layout-flex wp-container-core-group-is-layout-4bcb09c9 wp-block-group-is-layout-flex\" style=\"padding-top:16px;padding-right:16px;padding-bottom:var(--wp--preset--spacing--70);padding-left:16px\"><h2 style=\"font-size:3rem;font-style:normal;font-weight:500;line-height:1.1;text-transform:uppercase; margin-top:0;margin-right:0;margin-bottom:0;margin-left:0;\" class=\"has-link-color wp-elements-3b898fdefc9eb23add523f2e8c35a763 wp-block-post-title has-text-color has-contrast-color\"><a href=\"https:\/\/jakleen.fr\/index.php\/2025\/01\/13\/la-saone\/\" target=\"_self\" >La Sa\u00f4ne<\/a><\/h2><\/div>\n\n<\/li><li class=\"wp-block-post post-2196 post type-post status-publish format-standard hentry category-poeme\">\n\n<div class=\"wp-block-group is-layout-flow wp-block-group-is-layout-flow\" style=\"border-bottom-color:var(--wp--preset--color--contrast);border-bottom-width:1px\">\n<div class=\"wp-block-group is-content-justification-space-between is-nowrap is-layout-flex wp-container-core-group-is-layout-dd9de04e wp-block-group-is-layout-flex\" style=\"padding-top:16px;padding-right:16px;padding-bottom:16px;padding-left:16px\">\n<div class=\"wp-block-group is-nowrap is-layout-flex wp-container-core-group-is-layout-89a94f6a wp-block-group-is-layout-flex\">\n<p>\u2734\ufe0e<\/p>\n\n\n<div style=\"text-transform:uppercase; margin-top:0;margin-right:0;margin-bottom:0;margin-left:0;\" class=\"has-text-align-left has-link-color wp-elements-4003f76eccbf507a9e3d7e84a42ea154 wp-block-post-date has-text-color has-contrast-color has-small-font-size\"><time datetime=\"2025-01-13T16:55:07+01:00\">Jan 13, 2025<\/time><\/div><\/div>\n\n\n<div style=\"text-transform:uppercase\" class=\"taxonomy-category has-link-color wp-elements-d846021732facad792835971f80af878 wp-block-post-terms has-text-color has-contrast-color\"><span class=\"wp-block-post-terms__prefix\">\u2734\ufe0e <\/span><a href=\"https:\/\/jakleen.fr\/index.php\/category\/poeme\/\" rel=\"tag\">Poeme<\/a><\/div><\/div>\n<\/div>\n\n\n\n<div class=\"wp-block-group is-vertical is-layout-flex wp-container-core-group-is-layout-4bcb09c9 wp-block-group-is-layout-flex\" style=\"padding-top:16px;padding-right:16px;padding-bottom:var(--wp--preset--spacing--70);padding-left:16px\"><h2 style=\"font-size:3rem;font-style:normal;font-weight:500;line-height:1.1;text-transform:uppercase; margin-top:0;margin-right:0;margin-bottom:0;margin-left:0;\" class=\"has-link-color wp-elements-3b898fdefc9eb23add523f2e8c35a763 wp-block-post-title has-text-color has-contrast-color\"><a href=\"https:\/\/jakleen.fr\/index.php\/2025\/01\/13\/la-famille-machin\/\" target=\"_self\" >La famille &lt;&lt;Machin>><\/a><\/h2><\/div>\n\n<\/li><li class=\"wp-block-post post-2194 post type-post status-publish format-standard hentry category-poeme\">\n\n<div class=\"wp-block-group is-layout-flow wp-block-group-is-layout-flow\" style=\"border-bottom-color:var(--wp--preset--color--contrast);border-bottom-width:1px\">\n<div class=\"wp-block-group is-content-justification-space-between is-nowrap is-layout-flex wp-container-core-group-is-layout-dd9de04e wp-block-group-is-layout-flex\" style=\"padding-top:16px;padding-right:16px;padding-bottom:16px;padding-left:16px\">\n<div class=\"wp-block-group is-nowrap is-layout-flex wp-container-core-group-is-layout-89a94f6a wp-block-group-is-layout-flex\">\n<p>\u2734\ufe0e<\/p>\n\n\n<div style=\"text-transform:uppercase; margin-top:0;margin-right:0;margin-bottom:0;margin-left:0;\" class=\"has-text-align-left has-link-color wp-elements-4003f76eccbf507a9e3d7e84a42ea154 wp-block-post-date has-text-color has-contrast-color has-small-font-size\"><time datetime=\"2025-01-13T16:53:38+01:00\">Jan 13, 2025<\/time><\/div><\/div>\n\n\n<div style=\"text-transform:uppercase\" class=\"taxonomy-category has-link-color wp-elements-d846021732facad792835971f80af878 wp-block-post-terms has-text-color has-contrast-color\"><span class=\"wp-block-post-terms__prefix\">\u2734\ufe0e <\/span><a href=\"https:\/\/jakleen.fr\/index.php\/category\/poeme\/\" rel=\"tag\">Poeme<\/a><\/div><\/div>\n<\/div>\n\n\n\n<div class=\"wp-block-group is-vertical is-layout-flex wp-container-core-group-is-layout-4bcb09c9 wp-block-group-is-layout-flex\" style=\"padding-top:16px;padding-right:16px;padding-bottom:var(--wp--preset--spacing--70);padding-left:16px\"><h2 style=\"font-size:3rem;font-style:normal;font-weight:500;line-height:1.1;text-transform:uppercase; margin-top:0;margin-right:0;margin-bottom:0;margin-left:0;\" class=\"has-link-color wp-elements-3b898fdefc9eb23add523f2e8c35a763 wp-block-post-title has-text-color has-contrast-color\"><a href=\"https:\/\/jakleen.fr\/index.php\/2025\/01\/13\/ecrire-pour-dire\/\" target=\"_self\" >Ecrire pour dire&#8230;<\/a><\/h2><\/div>\n\n<\/li><li class=\"wp-block-post post-2191 post type-post status-publish format-standard hentry category-poeme\">\n\n<div class=\"wp-block-group is-layout-flow wp-block-group-is-layout-flow\" style=\"border-bottom-color:var(--wp--preset--color--contrast);border-bottom-width:1px\">\n<div class=\"wp-block-group is-content-justification-space-between is-nowrap is-layout-flex wp-container-core-group-is-layout-dd9de04e wp-block-group-is-layout-flex\" style=\"padding-top:16px;padding-right:16px;padding-bottom:16px;padding-left:16px\">\n<div class=\"wp-block-group is-nowrap is-layout-flex wp-container-core-group-is-layout-89a94f6a wp-block-group-is-layout-flex\">\n<p>\u2734\ufe0e<\/p>\n\n\n<div style=\"text-transform:uppercase; margin-top:0;margin-right:0;margin-bottom:0;margin-left:0;\" class=\"has-text-align-left has-link-color wp-elements-4003f76eccbf507a9e3d7e84a42ea154 wp-block-post-date has-text-color has-contrast-color has-small-font-size\"><time datetime=\"2025-01-13T16:52:20+01:00\">Jan 13, 2025<\/time><\/div><\/div>\n\n\n<div style=\"text-transform:uppercase\" class=\"taxonomy-category has-link-color wp-elements-d846021732facad792835971f80af878 wp-block-post-terms has-text-color has-contrast-color\"><span class=\"wp-block-post-terms__prefix\">\u2734\ufe0e <\/span><a href=\"https:\/\/jakleen.fr\/index.php\/category\/poeme\/\" rel=\"tag\">Poeme<\/a><\/div><\/div>\n<\/div>\n\n\n\n<div class=\"wp-block-group is-vertical is-layout-flex wp-container-core-group-is-layout-4bcb09c9 wp-block-group-is-layout-flex\" style=\"padding-top:16px;padding-right:16px;padding-bottom:var(--wp--preset--spacing--70);padding-left:16px\"><h2 style=\"font-size:3rem;font-style:normal;font-weight:500;line-height:1.1;text-transform:uppercase; margin-top:0;margin-right:0;margin-bottom:0;margin-left:0;\" class=\"has-link-color wp-elements-3b898fdefc9eb23add523f2e8c35a763 wp-block-post-title has-text-color has-contrast-color\"><a href=\"https:\/\/jakleen.fr\/index.php\/2025\/01\/13\/brulure-damour\/\" target=\"_self\" >Br\u00fblure d&rsquo;amour<\/a><\/h2><\/div>\n\n<\/li><li class=\"wp-block-post post-2189 post type-post status-publish format-standard hentry category-poeme\">\n\n<div class=\"wp-block-group is-layout-flow wp-block-group-is-layout-flow\" style=\"border-bottom-color:var(--wp--preset--color--contrast);border-bottom-width:1px\">\n<div class=\"wp-block-group is-content-justification-space-between is-nowrap is-layout-flex wp-container-core-group-is-layout-dd9de04e wp-block-group-is-layout-flex\" style=\"padding-top:16px;padding-right:16px;padding-bottom:16px;padding-left:16px\">\n<div class=\"wp-block-group is-nowrap is-layout-flex wp-container-core-group-is-layout-89a94f6a wp-block-group-is-layout-flex\">\n<p>\u2734\ufe0e<\/p>\n\n\n<div style=\"text-transform:uppercase; margin-top:0;margin-right:0;margin-bottom:0;margin-left:0;\" class=\"has-text-align-left has-link-color wp-elements-4003f76eccbf507a9e3d7e84a42ea154 wp-block-post-date has-text-color has-contrast-color has-small-font-size\"><time datetime=\"2025-01-13T16:51:06+01:00\">Jan 13, 2025<\/time><\/div><\/div>\n\n\n<div style=\"text-transform:uppercase\" class=\"taxonomy-category has-link-color wp-elements-d846021732facad792835971f80af878 wp-block-post-terms has-text-color has-contrast-color\"><span class=\"wp-block-post-terms__prefix\">\u2734\ufe0e <\/span><a href=\"https:\/\/jakleen.fr\/index.php\/category\/poeme\/\" rel=\"tag\">Poeme<\/a><\/div><\/div>\n<\/div>\n\n\n\n<div class=\"wp-block-group is-vertical is-layout-flex wp-container-core-group-is-layout-4bcb09c9 wp-block-group-is-layout-flex\" style=\"padding-top:16px;padding-right:16px;padding-bottom:var(--wp--preset--spacing--70);padding-left:16px\"><h2 style=\"font-size:3rem;font-style:normal;font-weight:500;line-height:1.1;text-transform:uppercase; margin-top:0;margin-right:0;margin-bottom:0;margin-left:0;\" class=\"has-link-color wp-elements-3b898fdefc9eb23add523f2e8c35a763 wp-block-post-title has-text-color has-contrast-color\"><a href=\"https:\/\/jakleen.fr\/index.php\/2025\/01\/13\/avril\/\" target=\"_self\" >AVRIL<\/a><\/h2><\/div>\n\n<\/li><li class=\"wp-block-post post-2187 post type-post status-publish format-standard hentry category-poeme\">\n\n<div class=\"wp-block-group is-layout-flow wp-block-group-is-layout-flow\" style=\"border-bottom-color:var(--wp--preset--color--contrast);border-bottom-width:1px\">\n<div class=\"wp-block-group is-content-justification-space-between is-nowrap is-layout-flex wp-container-core-group-is-layout-dd9de04e wp-block-group-is-layout-flex\" style=\"padding-top:16px;padding-right:16px;padding-bottom:16px;padding-left:16px\">\n<div class=\"wp-block-group is-nowrap is-layout-flex wp-container-core-group-is-layout-89a94f6a wp-block-group-is-layout-flex\">\n<p>\u2734\ufe0e<\/p>\n\n\n<div style=\"text-transform:uppercase; margin-top:0;margin-right:0;margin-bottom:0;margin-left:0;\" class=\"has-text-align-left has-link-color wp-elements-4003f76eccbf507a9e3d7e84a42ea154 wp-block-post-date has-text-color has-contrast-color has-small-font-size\"><time datetime=\"2025-01-13T16:50:15+01:00\">Jan 13, 2025<\/time><\/div><\/div>\n\n\n<div style=\"text-transform:uppercase\" class=\"taxonomy-category has-link-color wp-elements-d846021732facad792835971f80af878 wp-block-post-terms has-text-color has-contrast-color\"><span class=\"wp-block-post-terms__prefix\">\u2734\ufe0e <\/span><a href=\"https:\/\/jakleen.fr\/index.php\/category\/poeme\/\" rel=\"tag\">Poeme<\/a><\/div><\/div>\n<\/div>\n\n\n\n<div class=\"wp-block-group is-vertical is-layout-flex wp-container-core-group-is-layout-4bcb09c9 wp-block-group-is-layout-flex\" style=\"padding-top:16px;padding-right:16px;padding-bottom:var(--wp--preset--spacing--70);padding-left:16px\"><h2 style=\"font-size:3rem;font-style:normal;font-weight:500;line-height:1.1;text-transform:uppercase; margin-top:0;margin-right:0;margin-bottom:0;margin-left:0;\" class=\"has-link-color wp-elements-3b898fdefc9eb23add523f2e8c35a763 wp-block-post-title has-text-color has-contrast-color\"><a href=\"https:\/\/jakleen.fr\/index.php\/2025\/01\/13\/lautomne-a-macon\/\" target=\"_self\" >L\u2019AUTOMNE A MACON<\/a><\/h2><\/div>\n\n<\/li><li class=\"wp-block-post post-2184 post type-post status-publish format-standard hentry category-poeme\">\n\n<div class=\"wp-block-group is-layout-flow wp-block-group-is-layout-flow\" style=\"border-bottom-color:var(--wp--preset--color--contrast);border-bottom-width:1px\">\n<div class=\"wp-block-group is-content-justification-space-between is-nowrap is-layout-flex wp-container-core-group-is-layout-dd9de04e wp-block-group-is-layout-flex\" style=\"padding-top:16px;padding-right:16px;padding-bottom:16px;padding-left:16px\">\n<div class=\"wp-block-group is-nowrap is-layout-flex wp-container-core-group-is-layout-89a94f6a wp-block-group-is-layout-flex\">\n<p>\u2734\ufe0e<\/p>\n\n\n<div style=\"text-transform:uppercase; margin-top:0;margin-right:0;margin-bottom:0;margin-left:0;\" class=\"has-text-align-left has-link-color wp-elements-4003f76eccbf507a9e3d7e84a42ea154 wp-block-post-date has-text-color has-contrast-color has-small-font-size\"><time datetime=\"2025-01-13T16:49:02+01:00\">Jan 13, 2025<\/time><\/div><\/div>\n\n\n<div style=\"text-transform:uppercase\" class=\"taxonomy-category has-link-color wp-elements-d846021732facad792835971f80af878 wp-block-post-terms has-text-color has-contrast-color\"><span class=\"wp-block-post-terms__prefix\">\u2734\ufe0e <\/span><a href=\"https:\/\/jakleen.fr\/index.php\/category\/poeme\/\" rel=\"tag\">Poeme<\/a><\/div><\/div>\n<\/div>\n\n\n\n<div class=\"wp-block-group is-vertical is-layout-flex wp-container-core-group-is-layout-4bcb09c9 wp-block-group-is-layout-flex\" style=\"padding-top:16px;padding-right:16px;padding-bottom:var(--wp--preset--spacing--70);padding-left:16px\"><h2 style=\"font-size:3rem;font-style:normal;font-weight:500;line-height:1.1;text-transform:uppercase; margin-top:0;margin-right:0;margin-bottom:0;margin-left:0;\" class=\"has-link-color wp-elements-3b898fdefc9eb23add523f2e8c35a763 wp-block-post-title has-text-color has-contrast-color\"><a href=\"https:\/\/jakleen.fr\/index.php\/2025\/01\/13\/absurdite\/\" target=\"_self\" >ABSURDITE<\/a><\/h2><\/div>\n\n<\/li><\/ul><\/div>\n\n\n\n<div class=\"wp-block-group is-layout-flow wp-block-group-is-layout-flow\" style=\"margin-top:0;margin-bottom:0;padding-top:var(--wp--preset--spacing--30);padding-right:16px;padding-bottom:var(--wp--preset--spacing--30);padding-left:16px\"><\/div>\n<\/div>\n","protected":false},"excerpt":{"rendered":"<p>Jacqueline Bernet a \u00e9crit plus de 200 po\u00e8mes, sur des th\u00e8mes qui lui tiennent \u00e0 c\u0153uret qui sont universels, comme l\u2019Amour, les Saisons, la Famille. Vous pouvez en savourer quelques-uns ici.<\/p>\n","protected":false},"author":1,"featured_media":0,"parent":0,"menu_order":0,"comment_status":"closed","ping_status":"closed","template":"index-2","meta":{"footnotes":""},"class_list":["post-2182","page","type-page","status-publish","hentry"],"_links":{"self":[{"href":"https:\/\/jakleen.fr\/index.php\/wp-json\/wp\/v2\/pages\/2182","targetHints":{"allow":["GET"]}}],"collection":[{"href":"https:\/\/jakleen.fr\/index.php\/wp-json\/wp\/v2\/pages"}],"about":[{"href":"https:\/\/jakleen.fr\/index.php\/wp-json\/wp\/v2\/types\/page"}],"author":[{"embeddable":true,"href":"https:\/\/jakleen.fr\/index.php\/wp-json\/wp\/v2\/users\/1"}],"replies":[{"embeddable":true,"href":"https:\/\/jakleen.fr\/index.php\/wp-json\/wp\/v2\/comments?post=2182"}],"version-history":[{"count":5,"href":"https:\/\/jakleen.fr\/index.php\/wp-json\/wp\/v2\/pages\/2182\/revisions"}],"predecessor-version":[{"id":2205,"href":"https:\/\/jakleen.fr\/index.php\/wp-json\/wp\/v2\/pages\/2182\/revisions\/2205"}],"wp:attachment":[{"href":"https:\/\/jakleen.fr\/index.php\/wp-json\/wp\/v2\/media?parent=2182"}],"curies":[{"name":"wp","href":"https:\/\/api.w.org\/{rel}","templated":true}]}}