{"id":2211,"date":"2025-03-30T21:59:07","date_gmt":"2025-03-30T19:59:07","guid":{"rendered":"https:\/\/jakleen.fr\/?page_id=2211"},"modified":"2025-12-02T16:23:59","modified_gmt":"2025-12-02T15:23:59","slug":"personnages","status":"publish","type":"page","link":"https:\/\/jakleen.fr\/index.php\/personnages\/","title":{"rendered":"Personnages"},"content":{"rendered":"\n<p class=\"has-large-font-size\">Jacqueline Bernet a cr\u00e9\u00e9 des personnages \u00e0 partir d\u2019un recyclage de flacons en plastique usag\u00e9, de carton, de papier et d\u2019argile.<\/p>\n\n\n\n<figure class=\"wp-block-gallery has-nested-images columns-default is-cropped wp-block-gallery-1 is-layout-flex wp-block-gallery-is-layout-flex\">\n<figure class=\"wp-block-image size-large\"><img loading=\"lazy\" decoding=\"async\" width=\"736\" height=\"1024\" data-id=\"2225\" src=\"https:\/\/jakleen.fr\/wp-content\/uploads\/2025\/03\/Les-maris-736x1024.jpg\" alt=\"\" class=\"wp-image-2225\" srcset=\"https:\/\/jakleen.fr\/wp-content\/uploads\/2025\/03\/Les-maris-736x1024.jpg 736w, https:\/\/jakleen.fr\/wp-content\/uploads\/2025\/03\/Les-maris-216x300.jpg 216w, https:\/\/jakleen.fr\/wp-content\/uploads\/2025\/03\/Les-maris-768x1069.jpg 768w, https:\/\/jakleen.fr\/wp-content\/uploads\/2025\/03\/Les-maris-1104x1536.jpg 1104w, https:\/\/jakleen.fr\/wp-content\/uploads\/2025\/03\/Les-maris-1472x2048.jpg 1472w, https:\/\/jakleen.fr\/wp-content\/uploads\/2025\/03\/Les-maris-scaled.jpg 1840w\" sizes=\"auto, (max-width: 736px) 100vw, 736px\" \/><\/figure>\n\n\n\n<figure class=\"wp-block-image size-large\"><img loading=\"lazy\" decoding=\"async\" width=\"1024\" height=\"470\" data-id=\"2224\" src=\"https:\/\/jakleen.fr\/wp-content\/uploads\/2025\/03\/Le-mariage-1024x470.jpg\" alt=\"\" class=\"wp-image-2224\" srcset=\"https:\/\/jakleen.fr\/wp-content\/uploads\/2025\/03\/Le-mariage-1024x470.jpg 1024w, https:\/\/jakleen.fr\/wp-content\/uploads\/2025\/03\/Le-mariage-300x138.jpg 300w, https:\/\/jakleen.fr\/wp-content\/uploads\/2025\/03\/Le-mariage-768x353.jpg 768w, https:\/\/jakleen.fr\/wp-content\/uploads\/2025\/03\/Le-mariage-1536x705.jpg 1536w, https:\/\/jakleen.fr\/wp-content\/uploads\/2025\/03\/Le-mariage-2048x940.jpg 2048w\" sizes=\"auto, (max-width: 1024px) 100vw, 1024px\" \/><\/figure>\n\n\n\n<figure class=\"wp-block-image size-large\"><img loading=\"lazy\" decoding=\"async\" width=\"896\" height=\"1024\" data-id=\"2219\" src=\"https:\/\/jakleen.fr\/wp-content\/uploads\/2025\/03\/La-chanteuse-en-argile-896x1024.jpg\" alt=\"\" class=\"wp-image-2219\" srcset=\"https:\/\/jakleen.fr\/wp-content\/uploads\/2025\/03\/La-chanteuse-en-argile-896x1024.jpg 896w, https:\/\/jakleen.fr\/wp-content\/uploads\/2025\/03\/La-chanteuse-en-argile-263x300.jpg 263w, https:\/\/jakleen.fr\/wp-content\/uploads\/2025\/03\/La-chanteuse-en-argile-768x877.jpg 768w, https:\/\/jakleen.fr\/wp-content\/uploads\/2025\/03\/La-chanteuse-en-argile-1345x1536.jpg 1345w, https:\/\/jakleen.fr\/wp-content\/uploads\/2025\/03\/La-chanteuse-en-argile-1793x2048.jpg 1793w\" sizes=\"auto, (max-width: 896px) 100vw, 896px\" \/><\/figure>\n\n\n\n<figure class=\"wp-block-image size-large\"><img loading=\"lazy\" decoding=\"async\" width=\"821\" height=\"1024\" data-id=\"2223\" src=\"https:\/\/jakleen.fr\/wp-content\/uploads\/2025\/03\/La-Petite-fille-2-821x1024.jpg\" alt=\"\" class=\"wp-image-2223\" srcset=\"https:\/\/jakleen.fr\/wp-content\/uploads\/2025\/03\/La-Petite-fille-2-821x1024.jpg 821w, https:\/\/jakleen.fr\/wp-content\/uploads\/2025\/03\/La-Petite-fille-2-241x300.jpg 241w, https:\/\/jakleen.fr\/wp-content\/uploads\/2025\/03\/La-Petite-fille-2-768x957.jpg 768w, https:\/\/jakleen.fr\/wp-content\/uploads\/2025\/03\/La-Petite-fille-2-1232x1536.jpg 1232w, https:\/\/jakleen.fr\/wp-content\/uploads\/2025\/03\/La-Petite-fille-2-1643x2048.jpg 1643w\" sizes=\"auto, (max-width: 821px) 100vw, 821px\" \/><\/figure>\n\n\n\n<figure class=\"wp-block-image size-large\"><img loading=\"lazy\" decoding=\"async\" width=\"1024\" height=\"684\" data-id=\"2220\" src=\"https:\/\/jakleen.fr\/wp-content\/uploads\/2025\/03\/La-chorale-1024x684.jpg\" alt=\"\" class=\"wp-image-2220\" srcset=\"https:\/\/jakleen.fr\/wp-content\/uploads\/2025\/03\/La-chorale-1024x684.jpg 1024w, https:\/\/jakleen.fr\/wp-content\/uploads\/2025\/03\/La-chorale-300x200.jpg 300w, https:\/\/jakleen.fr\/wp-content\/uploads\/2025\/03\/La-chorale-768x513.jpg 768w, https:\/\/jakleen.fr\/wp-content\/uploads\/2025\/03\/La-chorale-1536x1026.jpg 1536w, https:\/\/jakleen.fr\/wp-content\/uploads\/2025\/03\/La-chorale-2048x1369.jpg 2048w\" sizes=\"auto, (max-width: 1024px) 100vw, 1024px\" \/><\/figure>\n\n\n\n<figure class=\"wp-block-image size-large\"><img loading=\"lazy\" decoding=\"async\" width=\"822\" height=\"1024\" data-id=\"2218\" src=\"https:\/\/jakleen.fr\/wp-content\/uploads\/2025\/03\/Laccordeoniste-822x1024.jpg\" alt=\"\" class=\"wp-image-2218\" srcset=\"https:\/\/jakleen.fr\/wp-content\/uploads\/2025\/03\/Laccordeoniste-822x1024.jpg 822w, https:\/\/jakleen.fr\/wp-content\/uploads\/2025\/03\/Laccordeoniste-241x300.jpg 241w, https:\/\/jakleen.fr\/wp-content\/uploads\/2025\/03\/Laccordeoniste-768x957.jpg 768w, https:\/\/jakleen.fr\/wp-content\/uploads\/2025\/03\/Laccordeoniste-1233x1536.jpg 1233w, https:\/\/jakleen.fr\/wp-content\/uploads\/2025\/03\/Laccordeoniste-1644x2048.jpg 1644w\" sizes=\"auto, (max-width: 822px) 100vw, 822px\" \/><\/figure>\n\n\n\n<figure class=\"wp-block-image size-large\"><img loading=\"lazy\" decoding=\"async\" width=\"808\" height=\"1024\" data-id=\"2222\" src=\"https:\/\/jakleen.fr\/wp-content\/uploads\/2025\/03\/La-mairie-808x1024.jpg\" alt=\"\" class=\"wp-image-2222\" srcset=\"https:\/\/jakleen.fr\/wp-content\/uploads\/2025\/03\/La-mairie-808x1024.jpg 808w, https:\/\/jakleen.fr\/wp-content\/uploads\/2025\/03\/La-mairie-237x300.jpg 237w, https:\/\/jakleen.fr\/wp-content\/uploads\/2025\/03\/La-mairie-768x973.jpg 768w, https:\/\/jakleen.fr\/wp-content\/uploads\/2025\/03\/La-mairie-1212x1536.jpg 1212w, https:\/\/jakleen.fr\/wp-content\/uploads\/2025\/03\/La-mairie-1616x2048.jpg 1616w, https:\/\/jakleen.fr\/wp-content\/uploads\/2025\/03\/La-mairie-scaled.jpg 2021w\" sizes=\"auto, (max-width: 808px) 100vw, 808px\" \/><\/figure>\n\n\n\n<figure class=\"wp-block-image size-large\"><img loading=\"lazy\" decoding=\"async\" width=\"932\" height=\"1024\" data-id=\"2217\" src=\"https:\/\/jakleen.fr\/wp-content\/uploads\/2025\/03\/Fleurs-en-papier-932x1024.jpg\" alt=\"\" class=\"wp-image-2217\" srcset=\"https:\/\/jakleen.fr\/wp-content\/uploads\/2025\/03\/Fleurs-en-papier-932x1024.jpg 932w, https:\/\/jakleen.fr\/wp-content\/uploads\/2025\/03\/Fleurs-en-papier-273x300.jpg 273w, https:\/\/jakleen.fr\/wp-content\/uploads\/2025\/03\/Fleurs-en-papier-768x844.jpg 768w, https:\/\/jakleen.fr\/wp-content\/uploads\/2025\/03\/Fleurs-en-papier-1398x1536.jpg 1398w, https:\/\/jakleen.fr\/wp-content\/uploads\/2025\/03\/Fleurs-en-papier-1864x2048.jpg 1864w\" sizes=\"auto, (max-width: 932px) 100vw, 932px\" \/><\/figure>\n\n\n\n<figure class=\"wp-block-image size-large\"><img loading=\"lazy\" decoding=\"async\" width=\"827\" height=\"1024\" data-id=\"2221\" src=\"https:\/\/jakleen.fr\/wp-content\/uploads\/2025\/03\/La-fee-bleue-827x1024.jpg\" alt=\"\" class=\"wp-image-2221\" srcset=\"https:\/\/jakleen.fr\/wp-content\/uploads\/2025\/03\/La-fee-bleue-827x1024.jpg 827w, https:\/\/jakleen.fr\/wp-content\/uploads\/2025\/03\/La-fee-bleue-242x300.jpg 242w, https:\/\/jakleen.fr\/wp-content\/uploads\/2025\/03\/La-fee-bleue-768x951.jpg 768w, https:\/\/jakleen.fr\/wp-content\/uploads\/2025\/03\/La-fee-bleue-1241x1536.jpg 1241w, https:\/\/jakleen.fr\/wp-content\/uploads\/2025\/03\/La-fee-bleue-1655x2048.jpg 1655w\" sizes=\"auto, (max-width: 827px) 100vw, 827px\" \/><\/figure>\n\n\n\n<figure class=\"wp-block-image size-large\"><img loading=\"lazy\" decoding=\"async\" width=\"1024\" height=\"768\" data-id=\"2216\" src=\"https:\/\/jakleen.fr\/wp-content\/uploads\/2025\/03\/Du-Rock-1024x768.jpg\" alt=\"\" class=\"wp-image-2216\" srcset=\"https:\/\/jakleen.fr\/wp-content\/uploads\/2025\/03\/Du-Rock-1024x768.jpg 1024w, https:\/\/jakleen.fr\/wp-content\/uploads\/2025\/03\/Du-Rock-300x225.jpg 300w, https:\/\/jakleen.fr\/wp-content\/uploads\/2025\/03\/Du-Rock-768x576.jpg 768w, https:\/\/jakleen.fr\/wp-content\/uploads\/2025\/03\/Du-Rock-1536x1152.jpg 1536w, https:\/\/jakleen.fr\/wp-content\/uploads\/2025\/03\/Du-Rock-2048x1536.jpg 2048w\" sizes=\"auto, (max-width: 1024px) 100vw, 1024px\" \/><\/figure>\n\n\n\n<figure class=\"wp-block-image size-large\"><img loading=\"lazy\" decoding=\"async\" width=\"558\" height=\"1024\" data-id=\"2215\" src=\"https:\/\/jakleen.fr\/wp-content\/uploads\/2025\/03\/Chanteur-de-Rock-558x1024.jpg\" alt=\"\" class=\"wp-image-2215\" srcset=\"https:\/\/jakleen.fr\/wp-content\/uploads\/2025\/03\/Chanteur-de-Rock-558x1024.jpg 558w, https:\/\/jakleen.fr\/wp-content\/uploads\/2025\/03\/Chanteur-de-Rock-163x300.jpg 163w, https:\/\/jakleen.fr\/wp-content\/uploads\/2025\/03\/Chanteur-de-Rock-768x1410.jpg 768w, https:\/\/jakleen.fr\/wp-content\/uploads\/2025\/03\/Chanteur-de-Rock-837x1536.jpg 837w, https:\/\/jakleen.fr\/wp-content\/uploads\/2025\/03\/Chanteur-de-Rock-1116x2048.jpg 1116w, https:\/\/jakleen.fr\/wp-content\/uploads\/2025\/03\/Chanteur-de-Rock-scaled.jpg 1395w\" sizes=\"auto, (max-width: 558px) 100vw, 558px\" \/><\/figure>\n<\/figure>\n","protected":false},"excerpt":{"rendered":"<p>Jacqueline Bernet a cr\u00e9\u00e9 des personnages \u00e0 partir d\u2019un recyclage de flacons en plastique usag\u00e9, de carton, de papier et d\u2019argile.<\/p>\n","protected":false},"author":1,"featured_media":0,"parent":0,"menu_order":0,"comment_status":"closed","ping_status":"closed","template":"index-2","meta":{"footnotes":""},"class_list":["post-2211","page","type-page","status-publish","hentry"],"_links":{"self":[{"href":"https:\/\/jakleen.fr\/index.php\/wp-json\/wp\/v2\/pages\/2211","targetHints":{"allow":["GET"]}}],"collection":[{"href":"https:\/\/jakleen.fr\/index.php\/wp-json\/wp\/v2\/pages"}],"about":[{"href":"https:\/\/jakleen.fr\/index.php\/wp-json\/wp\/v2\/types\/page"}],"author":[{"embeddable":true,"href":"https:\/\/jakleen.fr\/index.php\/wp-json\/wp\/v2\/users\/1"}],"replies":[{"embeddable":true,"href":"https:\/\/jakleen.fr\/index.php\/wp-json\/wp\/v2\/comments?post=2211"}],"version-history":[{"count":4,"href":"https:\/\/jakleen.fr\/index.php\/wp-json\/wp\/v2\/pages\/2211\/revisions"}],"predecessor-version":[{"id":2231,"href":"https:\/\/jakleen.fr\/index.php\/wp-json\/wp\/v2\/pages\/2211\/revisions\/2231"}],"wp:attachment":[{"href":"https:\/\/jakleen.fr\/index.php\/wp-json\/wp\/v2\/media?parent=2211"}],"curies":[{"name":"wp","href":"https:\/\/api.w.org\/{rel}","templated":true}]}}